{"id":64,"date":"2024-06-18T21:43:58","date_gmt":"2024-06-19T00:43:58","guid":{"rendered":"https:\/\/ici.unq.edu.ar\/?page_id=64"},"modified":"2026-03-16T11:07:00","modified_gmt":"2026-03-16T14:07:00","slug":"tema-13","status":"publish","type":"page","link":"https:\/\/ici.unq.edu.ar\/?page_id=64","title":{"rendered":"Tema 13"},"content":{"rendered":"\n<div class=\"wp-block-uagb-container uagb-block-e2d33401 alignfull uagb-is-root-container\"><div class=\"uagb-container-inner-blocks-wrap\">\n<div class=\"wp-block-uagb-container uagb-block-719edc2f\"><\/div>\n\n\n\n<div class=\"wp-block-uagb-advanced-heading uagb-block-f384e65b\"><h2 class=\"uagb-heading-text\">Tema 13: Investigaci\u00f3n de mercados<\/h2><\/div>\n\n\n\n<div class=\"wp-block-uagb-container uagb-block-41705ac4\"><\/div>\n<\/div><\/div>\n\n\n\n<div class=\"wp-block-uagb-container uagb-block-35d1b2af alignfull uagb-is-root-container\"><div class=\"uagb-container-inner-blocks-wrap\">\n<div class=\"wp-block-uagb-container uagb-block-58d10a5a\"><\/div>\n\n\n\n<div class=\"wp-block-uagb-container uagb-block-fb3c0802\">\n<p>Conoceremos los principales aspectos de la herramienta de investigaci\u00f3n de mercados internacionales.<\/p>\n<\/div>\n\n\n\n<div class=\"wp-block-uagb-container uagb-block-f10083d6\"><\/div>\n<\/div><\/div>\n\n\n\n<div class=\"wp-block-uagb-container uagb-block-72d74eba alignfull uagb-is-root-container\"><div class=\"uagb-container-inner-blocks-wrap\">\n<div class=\"wp-block-uagb-container uagb-block-1bfaee65\"><\/div>\n\n\n\n<div class=\"wp-block-uagb-info-box uagb-block-d5b9d5db uagb-infobox__content-wrap  uagb-infobox-icon-above-title uagb-infobox-image-valign-top\"><div class=\"uagb-ifb-content\"><div class=\"uagb-ifb-icon-wrap\"><svg xmlns=\"https:\/\/www.w3.org\/2000\/svg\" viewBox=\"0 0 640 512\"><path d=\"M592 0h-384C181.5 0 160 22.25 160 49.63V96c23.42 0 45.1 6.781 63.1 17.81V64h352v288h-64V304c0-8.838-7.164-16-16-16h-96c-8.836 0-16 7.162-16 16V352H287.3c22.07 16.48 39.54 38.5 50.76 64h253.9C618.5 416 640 393.8 640 366.4V49.63C640 22.25 618.5 0 592 0zM160 320c53.02 0 96-42.98 96-96c0-53.02-42.98-96-96-96C106.1 128 64 170.1 64 224C64 277 106.1 320 160 320zM192 352H128c-70.69 0-128 57.31-128 128c0 17.67 14.33 32 32 32h256c17.67 0 32-14.33 32-32C320 409.3 262.7 352 192 352z\"><\/path><\/svg><\/div><div class=\"uagb-ifb-title-wrap\"><h3 class=\"uagb-ifb-title\">[diapositivas]<\/h3><\/div><p class=\"uagb-ifb-desc\">Investigaci\u00f3n de mercados<\/p><div class=\"uagb-ifb-button-wrapper wp-block-button\"><a href=\"https:\/\/ici.unq.edu.ar\/wp-content\/uploads\/2025\/08\/ICI_T13_investigacion-de-mercados-diapositivas.pdf\" class=\"uagb-infobox-cta-link wp-block-button__link\" target=\"_blank\" rel=\"noopener noreferrer\" onclick=\"return true;\"><span class=\"uagb-inline-editing\">Descargar<\/span><svg xmlns=\"https:\/\/www.w3.org\/2000\/svg\" viewBox=\"0 0 384 512\"><path d=\"M88 304H80V256H88C101.3 256 112 266.7 112 280C112 293.3 101.3 304 88 304zM192 256H200C208.8 256 216 263.2 216 272V336C216 344.8 208.8 352 200 352H192V256zM224 0V128C224 145.7 238.3 160 256 160H384V448C384 483.3 355.3 512 320 512H64C28.65 512 0 483.3 0 448V64C0 28.65 28.65 0 64 0H224zM64 224C55.16 224 48 231.2 48 240V368C48 376.8 55.16 384 64 384C72.84 384 80 376.8 80 368V336H88C118.9 336 144 310.9 144 280C144 249.1 118.9 224 88 224H64zM160 368C160 376.8 167.2 384 176 384H200C226.5 384 248 362.5 248 336V272C248 245.5 226.5 224 200 224H176C167.2 224 160 231.2 160 240V368zM288 224C279.2 224 272 231.2 272 240V368C272 376.8 279.2 384 288 384C296.8 384 304 376.8 304 368V320H336C344.8 320 352 312.8 352 304C352 295.2 344.8 288 336 288H304V256H336C344.8 256 352 248.8 352 240C352 231.2 344.8 224 336 224H288zM256 0L384 128H256V0z\"><\/path><\/svg><\/a><\/div><\/div><\/div>\n\n\n\n<div class=\"wp-block-uagb-info-box uagb-block-66e54bb2 uagb-infobox__content-wrap  uagb-infobox-icon-above-title uagb-infobox-image-valign-top\"><div class=\"uagb-ifb-content\"><div class=\"uagb-ifb-icon-wrap\"><svg xmlns=\"https:\/\/www.w3.org\/2000\/svg\" viewBox=\"0 0 576 512\"><path d=\"M144.3 32.04C106.9 31.29 63.7 41.44 18.6 61.29c-11.42 5.026-18.6 16.67-18.6 29.15l0 357.6c0 11.55 11.99 19.55 22.45 14.65c126.3-59.14 219.8 11 223.8 14.01C249.1 478.9 252.5 480 256 480c12.4 0 16-11.38 16-15.98V80.04c0-5.203-2.531-10.08-6.781-13.08C263.3 65.58 216.7 33.35 144.3 32.04zM557.4 61.29c-45.11-19.79-88.48-29.61-125.7-29.26c-72.44 1.312-118.1 33.55-120.9 34.92C306.5 69.96 304 74.83 304 80.04v383.1C304 468.4 307.5 480 320 480c3.484 0 6.938-1.125 9.781-3.328c3.925-3.018 97.44-73.16 223.8-14c10.46 4.896 22.45-3.105 22.45-14.65l.0001-357.6C575.1 77.97 568.8 66.31 557.4 61.29z\"><\/path><\/svg><\/div><div class=\"uagb-ifb-title-wrap\"><h3 class=\"uagb-ifb-title\">[apuntes]<\/h3><\/div><p class=\"uagb-ifb-desc\">Investigaci\u00f3n de mercados<\/p><div class=\"uagb-ifb-button-wrapper wp-block-button\"><a href=\"https:\/\/ici.unq.edu.ar\/wp-content\/uploads\/2025\/08\/ICI_T13_investigacion-de-mercados-apuntes-de-clase.pdf\" class=\"uagb-infobox-cta-link wp-block-button__link\" target=\"_blank\" rel=\"noopener noreferrer\" onclick=\"return true;\"><span class=\"uagb-inline-editing\">Descargar<\/span><svg xmlns=\"https:\/\/www.w3.org\/2000\/svg\" viewBox=\"0 0 384 512\"><path d=\"M88 304H80V256H88C101.3 256 112 266.7 112 280C112 293.3 101.3 304 88 304zM192 256H200C208.8 256 216 263.2 216 272V336C216 344.8 208.8 352 200 352H192V256zM224 0V128C224 145.7 238.3 160 256 160H384V448C384 483.3 355.3 512 320 512H64C28.65 512 0 483.3 0 448V64C0 28.65 28.65 0 64 0H224zM64 224C55.16 224 48 231.2 48 240V368C48 376.8 55.16 384 64 384C72.84 384 80 376.8 80 368V336H88C118.9 336 144 310.9 144 280C144 249.1 118.9 224 88 224H64zM160 368C160 376.8 167.2 384 176 384H200C226.5 384 248 362.5 248 336V272C248 245.5 226.5 224 200 224H176C167.2 224 160 231.2 160 240V368zM288 224C279.2 224 272 231.2 272 240V368C272 376.8 279.2 384 288 384C296.8 384 304 376.8 304 368V320H336C344.8 320 352 312.8 352 304C352 295.2 344.8 288 336 288H304V256H336C344.8 256 352 248.8 352 240C352 231.2 344.8 224 336 224H288zM256 0L384 128H256V0z\"><\/path><\/svg><\/a><\/div><\/div><\/div>\n\n\n\n<div class=\"wp-block-uagb-container uagb-block-97f73361\"><\/div>\n<\/div><\/div>\n\n\n\n<div class=\"wp-block-uagb-container uagb-block-29f91b5e alignfull uagb-is-root-container\"><div class=\"uagb-container-inner-blocks-wrap\">\n<div class=\"wp-block-uagb-container uagb-block-4a4d3ff1\"><\/div>\n\n\n\n<div class=\"wp-block-uagb-advanced-heading uagb-block-c93558a6\"><h6 class=\"uagb-heading-text\">Bibliograf\u00eda recomendada<\/h6><\/div>\n\n\n\n<div class=\"wp-block-uagb-container uagb-block-9220e8be\"><\/div>\n<\/div><\/div>\n\n\n\n<div class=\"wp-block-uagb-container uagb-block-9de93c25 alignfull uagb-is-root-container\"><div class=\"uagb-container-inner-blocks-wrap\">\n<div class=\"wp-block-uagb-container uagb-block-986854da\"><\/div>\n\n\n\n<div class=\"wp-block-uagb-icon-list uagb-block-57f2a527\"><div class=\"uagb-icon-list__wrap\">\n<div class=\"wp-block-uagb-icon-list-child uagb-block-60f2d34d\"><a target=\"_blank\" aria-label=\"Canals, Jordi (1994), La internacionalizaci\u00f3n de la empresa, McGraw-Hill\/Interamericana de Espa\u00f1a.\" rel=\"noopener noreferrer\" href=\"https:\/\/ici.unq.edu.ar\/wp-content\/uploads\/2025\/08\/Canals.zip\"> <\/a><span class=\"uagb-icon-list__source-wrap\"><svg xmlns=\"https:\/\/www.w3.org\/2000\/svg\" viewBox=\"0 0 384 512\"><path d=\"M256 0v128h128L256 0zM224 128L224 0H48C21.49 0 0 21.49 0 48v416C0 490.5 21.49 512 48 512h288c26.51 0 48-21.49 48-48V160h-127.1C238.3 160 224 145.7 224 128zM96 32h64v32H96V32zM96 96h64v32H96V96zM96 160h64v32H96V160zM128.3 415.1c-40.56 0-70.76-36.45-62.83-75.45L96 224h64l30.94 116.9C198.7 379.7 168.5 415.1 128.3 415.1zM144 336h-32C103.2 336 96 343.2 96 352s7.164 16 16 16h32C152.8 368 160 360.8 160 352S152.8 336 144 336z\"><\/path><\/svg><\/span><span class=\"uagb-icon-list__label\">Canals, Jordi (1994), <em>La internacionalizaci\u00f3n de la empresa<\/em>, McGraw-Hill\/Interamericana de Espa\u00f1a.<\/span><\/div>\n\n\n\n<div class=\"wp-block-uagb-icon-list-child uagb-block-88216495\"><a target=\"_blank\" aria-label=\"Cateora, Phillip R. y Graham, John L. (1996), Marketing Internacional, Irwin - McGraw Hill, D\u00e9cima Edici\u00f3n. Parte 1.\" rel=\"noopener noreferrer\" href=\"https:\/\/ici.unq.edu.ar\/wp-content\/uploads\/2025\/08\/Cateora-Graham_Parte-1.pdf\"> <\/a><span class=\"uagb-icon-list__source-wrap\"><svg xmlns=\"https:\/\/www.w3.org\/2000\/svg\" viewBox=\"0 0 384 512\"><path d=\"M88 304H80V256H88C101.3 256 112 266.7 112 280C112 293.3 101.3 304 88 304zM192 256H200C208.8 256 216 263.2 216 272V336C216 344.8 208.8 352 200 352H192V256zM224 0V128C224 145.7 238.3 160 256 160H384V448C384 483.3 355.3 512 320 512H64C28.65 512 0 483.3 0 448V64C0 28.65 28.65 0 64 0H224zM64 224C55.16 224 48 231.2 48 240V368C48 376.8 55.16 384 64 384C72.84 384 80 376.8 80 368V336H88C118.9 336 144 310.9 144 280C144 249.1 118.9 224 88 224H64zM160 368C160 376.8 167.2 384 176 384H200C226.5 384 248 362.5 248 336V272C248 245.5 226.5 224 200 224H176C167.2 224 160 231.2 160 240V368zM288 224C279.2 224 272 231.2 272 240V368C272 376.8 279.2 384 288 384C296.8 384 304 376.8 304 368V320H336C344.8 320 352 312.8 352 304C352 295.2 344.8 288 336 288H304V256H336C344.8 256 352 248.8 352 240C352 231.2 344.8 224 336 224H288zM256 0L384 128H256V0z\"><\/path><\/svg><\/span><span class=\"uagb-icon-list__label\">Cateora, Phillip R. y Graham, John L. (1996), <em>Marketing Internacional<\/em>, Irwin &#8211; McGraw Hill, D\u00e9cima Edici\u00f3n. Parte 1.<\/span><\/div>\n\n\n\n<div class=\"wp-block-uagb-icon-list-child uagb-block-576edde2\"><a target=\"_blank\" aria-label=\"Cateora, Phillip R. y Graham, John L. (1996), Marketing Internacional, Irwin - McGraw Hill, D\u00e9cima Edici\u00f3n. Parte 2.\" rel=\"noopener noreferrer\" href=\"https:\/\/ici.unq.edu.ar\/wp-content\/uploads\/2025\/08\/Cateora-Graham_Parte-2.pdf\"> <\/a><span class=\"uagb-icon-list__source-wrap\"><svg xmlns=\"https:\/\/www.w3.org\/2000\/svg\" viewBox=\"0 0 384 512\"><path d=\"M88 304H80V256H88C101.3 256 112 266.7 112 280C112 293.3 101.3 304 88 304zM192 256H200C208.8 256 216 263.2 216 272V336C216 344.8 208.8 352 200 352H192V256zM224 0V128C224 145.7 238.3 160 256 160H384V448C384 483.3 355.3 512 320 512H64C28.65 512 0 483.3 0 448V64C0 28.65 28.65 0 64 0H224zM64 224C55.16 224 48 231.2 48 240V368C48 376.8 55.16 384 64 384C72.84 384 80 376.8 80 368V336H88C118.9 336 144 310.9 144 280C144 249.1 118.9 224 88 224H64zM160 368C160 376.8 167.2 384 176 384H200C226.5 384 248 362.5 248 336V272C248 245.5 226.5 224 200 224H176C167.2 224 160 231.2 160 240V368zM288 224C279.2 224 272 231.2 272 240V368C272 376.8 279.2 384 288 384C296.8 384 304 376.8 304 368V320H336C344.8 320 352 312.8 352 304C352 295.2 344.8 288 336 288H304V256H336C344.8 256 352 248.8 352 240C352 231.2 344.8 224 336 224H288zM256 0L384 128H256V0z\"><\/path><\/svg><\/span><span class=\"uagb-icon-list__label\">Cateora, Phillip R. y Graham, John L. (1996), Marketing Internacional, Irwin &#8211; McGraw Hill, D\u00e9cima Edici\u00f3n. Parte 2.<\/span><\/div>\n\n\n\n<div class=\"wp-block-uagb-icon-list-child uagb-block-a7aad229\"><a target=\"_blank\" aria-label=\"Kotler, Philip (1996), Direcci\u00f3n de Mercadotecnia, Prentice Hall, Octava Edici\u00f3n, M\u00e9xico.\" rel=\"noopener noreferrer\" href=\"https:\/\/ici.unq.edu.ar\/wp-content\/uploads\/2025\/08\/Kotler-DIRECCION-DE-MERCADOTECNIA.pdf\"> <\/a><span class=\"uagb-icon-list__source-wrap\"><svg xmlns=\"https:\/\/www.w3.org\/2000\/svg\" viewBox=\"0 0 384 512\"><path d=\"M88 304H80V256H88C101.3 256 112 266.7 112 280C112 293.3 101.3 304 88 304zM192 256H200C208.8 256 216 263.2 216 272V336C216 344.8 208.8 352 200 352H192V256zM224 0V128C224 145.7 238.3 160 256 160H384V448C384 483.3 355.3 512 320 512H64C28.65 512 0 483.3 0 448V64C0 28.65 28.65 0 64 0H224zM64 224C55.16 224 48 231.2 48 240V368C48 376.8 55.16 384 64 384C72.84 384 80 376.8 80 368V336H88C118.9 336 144 310.9 144 280C144 249.1 118.9 224 88 224H64zM160 368C160 376.8 167.2 384 176 384H200C226.5 384 248 362.5 248 336V272C248 245.5 226.5 224 200 224H176C167.2 224 160 231.2 160 240V368zM288 224C279.2 224 272 231.2 272 240V368C272 376.8 279.2 384 288 384C296.8 384 304 376.8 304 368V320H336C344.8 320 352 312.8 352 304C352 295.2 344.8 288 336 288H304V256H336C344.8 256 352 248.8 352 240C352 231.2 344.8 224 336 224H288zM256 0L384 128H256V0z\"><\/path><\/svg><\/span><span class=\"uagb-icon-list__label\">Kotler, Philip (1996), Direcci\u00f3n de Mercadotecnia, Prentice Hall, Octava Edici\u00f3n, M\u00e9xico.<\/span><\/div>\n\n\n\n<div class=\"wp-block-uagb-icon-list-child uagb-block-6a8b67b2\"><a target=\"_blank\" aria-label=\"Kotler, Philip y Keller, Kevin (2012), Direcci\u00f3n de Marketing, Pearson Educaci\u00f3n, Decimocuarta Edici\u00f3n, M\u00e9xico.\" rel=\"noopener noreferrer\" href=\"https:\/\/www.montartuempresa.com\/wp-content\/uploads\/2016\/01\/direccion-de-marketing-14edi-kotler1.pdf\"> <\/a><span class=\"uagb-icon-list__source-wrap\"><svg xmlns=\"https:\/\/www.w3.org\/2000\/svg\" viewBox=\"0 0 384 512\"><path d=\"M88 304H80V256H88C101.3 256 112 266.7 112 280C112 293.3 101.3 304 88 304zM192 256H200C208.8 256 216 263.2 216 272V336C216 344.8 208.8 352 200 352H192V256zM224 0V128C224 145.7 238.3 160 256 160H384V448C384 483.3 355.3 512 320 512H64C28.65 512 0 483.3 0 448V64C0 28.65 28.65 0 64 0H224zM64 224C55.16 224 48 231.2 48 240V368C48 376.8 55.16 384 64 384C72.84 384 80 376.8 80 368V336H88C118.9 336 144 310.9 144 280C144 249.1 118.9 224 88 224H64zM160 368C160 376.8 167.2 384 176 384H200C226.5 384 248 362.5 248 336V272C248 245.5 226.5 224 200 224H176C167.2 224 160 231.2 160 240V368zM288 224C279.2 224 272 231.2 272 240V368C272 376.8 279.2 384 288 384C296.8 384 304 376.8 304 368V320H336C344.8 320 352 312.8 352 304C352 295.2 344.8 288 336 288H304V256H336C344.8 256 352 248.8 352 240C352 231.2 344.8 224 336 224H288zM256 0L384 128H256V0z\"><\/path><\/svg><\/span><span class=\"uagb-icon-list__label\">Kotler, Philip y Keller, Kevin (2012), Direcci\u00f3n de Marketing, Pearson Educaci\u00f3n, Decimocuarta Edici\u00f3n, M\u00e9xico.<\/span><\/div>\n\n\n\n<div class=\"wp-block-uagb-icon-list-child uagb-block-9dd8b5e7\"><a target=\"_blank\" aria-label=\"Santesmases Mestre, M., S\u00e1nchez Guzm\u00e1n, A., &amp; Valderrey Villar, F. (2014). Fundamentos de Mercadotecnia. M\u00e9xico: Grupo Editorial Patria.\" rel=\"noopener noreferrer\" href=\"https:\/\/bibliotecaceunem.com\/libros\/Acervo%20bibliogr%C3%A1fico%20Lic.%20Mercadotecnia\/Santesmases%20Mestre%20Miguel%20autor%20Fundamentos%20de%20mercadotecniaM%C3%A9xico%20DF%20Grupo%20Editorial%20Patria%202014%20CUATRI%201.pdf\"> <\/a><span class=\"uagb-icon-list__source-wrap\"><svg xmlns=\"https:\/\/www.w3.org\/2000\/svg\" viewBox=\"0 0 384 512\"><path d=\"M88 304H80V256H88C101.3 256 112 266.7 112 280C112 293.3 101.3 304 88 304zM192 256H200C208.8 256 216 263.2 216 272V336C216 344.8 208.8 352 200 352H192V256zM224 0V128C224 145.7 238.3 160 256 160H384V448C384 483.3 355.3 512 320 512H64C28.65 512 0 483.3 0 448V64C0 28.65 28.65 0 64 0H224zM64 224C55.16 224 48 231.2 48 240V368C48 376.8 55.16 384 64 384C72.84 384 80 376.8 80 368V336H88C118.9 336 144 310.9 144 280C144 249.1 118.9 224 88 224H64zM160 368C160 376.8 167.2 384 176 384H200C226.5 384 248 362.5 248 336V272C248 245.5 226.5 224 200 224H176C167.2 224 160 231.2 160 240V368zM288 224C279.2 224 272 231.2 272 240V368C272 376.8 279.2 384 288 384C296.8 384 304 376.8 304 368V320H336C344.8 320 352 312.8 352 304C352 295.2 344.8 288 336 288H304V256H336C344.8 256 352 248.8 352 240C352 231.2 344.8 224 336 224H288zM256 0L384 128H256V0z\"><\/path><\/svg><\/span><span class=\"uagb-icon-list__label\">Santesmases Mestre, M., S\u00e1nchez Guzm\u00e1n, A., &amp; Valderrey Villar, F. (2014). Fundamentos de Mercadotecnia. M\u00e9xico: Grupo Editorial Patria.<\/span><\/div>\n<\/div><\/div>\n\n\n\n<div class=\"wp-block-uagb-container uagb-block-859c4088\"><\/div>\n<\/div><\/div>\n\n\n\n<div class=\"wp-block-uagb-container uagb-block-e39b9287 alignfull uagb-is-root-container\"><div class=\"uagb-container-inner-blocks-wrap\">\n<div class=\"wp-block-uagb-container uagb-block-a03e09bd\"><\/div>\n\n\n\n<div class=\"wp-block-uagb-advanced-heading uagb-block-099e3250\"><h6 class=\"uagb-heading-text\">Contenido adicional<\/h6><\/div>\n\n\n\n<div class=\"wp-block-uagb-container uagb-block-ca3470b7\"><\/div>\n<\/div><\/div>\n\n\n\n<div class=\"wp-block-uagb-container uagb-block-5450901c alignfull uagb-is-root-container\"><div class=\"uagb-container-inner-blocks-wrap\">\n<div class=\"wp-block-uagb-container uagb-block-3d85895a\"><\/div>\n\n\n\n<div class=\"wp-block-uagb-icon-list uagb-block-0a9e2fdd\"><div class=\"uagb-icon-list__wrap\">\n<div class=\"wp-block-uagb-icon-list-child uagb-block-abb2aa30\"><a target=\"_blank\" aria-label=\"Compilaci\u00f3n de casos para aprender Investigaci\u00f3n de Mercados (por Roberto P\u00e9rez Llanes)\" rel=\"noopener noreferrer\" href=\"https:\/\/www.researchgate.net\/profile\/Roberto-Perez-22\/publication\/382453241_Compliacion_Casos_para_aprender_Investigacion_de_Mercados\/links\/669e698d4a172d2988b77767\/Compliacion-Casos-para-aprender-Investigacion-de-Mercados.pdf?origin=publication_detail&amp;_tp=eyJjb250ZXh0Ijp7ImZpcnN0UGFnZSI6InB1YmxpY2F0aW9uIiwicGFnZSI6InB1YmxpY2F0aW9uRG93bmxvYWQiLCJwcmV2aW91c1BhZ2UiOiJwdWJsaWNhdGlvbiJ9fQ&amp;__cf_chl_tk=uFZukLwLxpZWT2ou7O0GwN4xErjQcna6potr8YCKZ_E-1754957488-1.0.1.1-Aj9r36XrcZeBf_j_50_9GESDLmdRE5UkcW5s.AH4MYk\"> <\/a><span class=\"uagb-icon-list__source-wrap\"><svg xmlns=\"https:\/\/www.w3.org\/2000\/svg\" viewBox=\"0 0 384 512\"><path d=\"M88 304H80V256H88C101.3 256 112 266.7 112 280C112 293.3 101.3 304 88 304zM192 256H200C208.8 256 216 263.2 216 272V336C216 344.8 208.8 352 200 352H192V256zM224 0V128C224 145.7 238.3 160 256 160H384V448C384 483.3 355.3 512 320 512H64C28.65 512 0 483.3 0 448V64C0 28.65 28.65 0 64 0H224zM64 224C55.16 224 48 231.2 48 240V368C48 376.8 55.16 384 64 384C72.84 384 80 376.8 80 368V336H88C118.9 336 144 310.9 144 280C144 249.1 118.9 224 88 224H64zM160 368C160 376.8 167.2 384 176 384H200C226.5 384 248 362.5 248 336V272C248 245.5 226.5 224 200 224H176C167.2 224 160 231.2 160 240V368zM288 224C279.2 224 272 231.2 272 240V368C272 376.8 279.2 384 288 384C296.8 384 304 376.8 304 368V320H336C344.8 320 352 312.8 352 304C352 295.2 344.8 288 336 288H304V256H336C344.8 256 352 248.8 352 240C352 231.2 344.8 224 336 224H288zM256 0L384 128H256V0z\"><\/path><\/svg><\/span><span class=\"uagb-icon-list__label\">Compilaci\u00f3n de casos para aprender Investigaci\u00f3n de Mercados (por Roberto P\u00e9rez Llanes)<\/span><\/div>\n<\/div><\/div>\n\n\n\n<div class=\"wp-block-uagb-container uagb-block-9deba43c\"><\/div>\n<\/div><\/div>\n\n\n\n<div class=\"wp-block-uagb-container uagb-block-df782bdc alignfull uagb-is-root-container\"><div class=\"uagb-container-inner-blocks-wrap\">\n<div class=\"wp-block-uagb-container uagb-block-7994e5e1\"><\/div>\n\n\n\n<div class=\"wp-block-uagb-advanced-heading uagb-block-9a514e9c\"><div class=\"uagb-heading-text\"><strong>La investigaci\u00f3n de mercado al estilo PEPSI<\/strong><\/div><\/div>\n\n\n\n<div class=\"wp-block-uagb-container uagb-block-5161f588\"><\/div>\n<\/div><\/div>\n\n\n\n<div class=\"wp-block-uagb-container uagb-block-31902673 alignfull uagb-is-root-container\"><div class=\"uagb-container-inner-blocks-wrap\">\n<div class=\"wp-block-uagb-container uagb-block-9ca9f88a\"><\/div>\n\n\n\n<div class=\"wp-block-uagb-container uagb-block-935bdddd\">\n<figure class=\"wp-block-embed is-type-video is-provider-youtube wp-block-embed-youtube wp-embed-aspect-16-9 wp-has-aspect-ratio\"><div class=\"wp-block-embed__wrapper\">\n<div class=\"ast-oembed-container \" style=\"height: 100%;\"><iframe loading=\"lazy\" title=\"EL RETO PEPSI  - LA GUERRA DE LAS COLA\" width=\"500\" height=\"281\" src=\"https:\/\/www.youtube.com\/embed\/bbRjshRXJCQ?feature=oembed\" frameborder=\"0\" allow=\"accelerometer; autoplay; clipboard-write; encrypted-media; gyroscope; picture-in-picture; web-share\" referrerpolicy=\"strict-origin-when-cross-origin\" allowfullscreen><\/iframe><\/div>\n<\/div><\/figure>\n<\/div>\n\n\n\n<div class=\"wp-block-uagb-container uagb-block-00b64ddf\"><\/div>\n<\/div><\/div>\n\n\n\n<div class=\"wp-block-uagb-container uagb-block-751c2a2b alignfull uagb-is-root-container\"><div class=\"uagb-container-inner-blocks-wrap\">\n<div class=\"wp-block-uagb-container uagb-block-0b205077\"><\/div>\n\n\n\n<div class=\"wp-block-uagb-container uagb-block-d2058d64\"><\/div>\n\n\n\n<div class=\"wp-block-uagb-container uagb-block-a2be88f5\"><\/div>\n<\/div><\/div>\n","protected":false},"excerpt":{"rendered":"<p>Tema 13: Investigaci\u00f3n de mercados Conoceremos los principales aspectos de la herramienta de investigaci\u00f3n de mercados internacionales. Bibliograf\u00eda recomendada Contenido [&hellip;]<\/p>\n","protected":false},"author":1,"featured_media":0,"parent":29,"menu_order":13,"comment_status":"closed","ping_status":"closed","template":"","meta":{"_uag_custom_page_level_css":"","site-sidebar-layout":"default","site-content-layout":"","ast-site-content-layout":"default","site-content-style":"default","site-sidebar-style":"default","ast-global-header-display":"","ast-banner-title-visibility":"","ast-main-header-display":"","ast-hfb-above-header-display":"","ast-hfb-below-header-display":"","ast-hfb-mobile-header-display":"","site-post-title":"disabled","ast-breadcrumbs-content":"","ast-featured-img":"","footer-sml-layout":"","theme-transparent-header-meta":"","adv-header-id-meta":"","stick-header-meta":"","header-above-stick-meta":"","header-main-stick-meta":"","header-below-stick-meta":"","astra-migrate-meta-layouts":"default","ast-page-background-enabled":"default","ast-page-background-meta":{"desktop":{"background-color":"var(--ast-global-color-4)","background-image":"","background-repeat":"repeat","background-position":"center center","background-size":"auto","background-attachment":"scroll","background-type":"","background-media":"","overlay-type":"","overlay-color":"","overlay-opacity":"","overlay-gradient":""},"tablet":{"background-color":"","background-image":"","background-repeat":"repeat","background-position":"center center","background-size":"auto","background-attachment":"scroll","background-type":"","background-media":"","overlay-type":"","overlay-color":"","overlay-opacity":"","overlay-gradient":""},"mobile":{"background-color":"","background-image":"","background-repeat":"repeat","background-position":"center center","background-size":"auto","background-attachment":"scroll","background-type":"","background-media":"","overlay-type":"","overlay-color":"","overlay-opacity":"","overlay-gradient":""}},"ast-content-background-meta":{"desktop":{"background-color":"var(--ast-global-color-5)","background-image":"","background-repeat":"repeat","background-position":"center center","background-size":"auto","background-attachment":"scroll","background-type":"","background-media":"","overlay-type":"","overlay-color":"","overlay-opacity":"","overlay-gradient":""},"tablet":{"background-color":"var(--ast-global-color-5)","background-image":"","background-repeat":"repeat","background-position":"center center","background-size":"auto","background-attachment":"scroll","background-type":"","background-media":"","overlay-type":"","overlay-color":"","overlay-opacity":"","overlay-gradient":""},"mobile":{"background-color":"var(--ast-global-color-5)","background-image":"","background-repeat":"repeat","background-position":"center center","background-size":"auto","background-attachment":"scroll","background-type":"","background-media":"","overlay-type":"","overlay-color":"","overlay-opacity":"","overlay-gradient":""}},"footnotes":""},"class_list":["post-64","page","type-page","status-publish","hentry"],"uagb_featured_image_src":{"full":false,"thumbnail":false,"medium":false,"medium_large":false,"large":false,"1536x1536":false,"2048x2048":false},"uagb_author_info":{"display_name":"gleva","author_link":"https:\/\/ici.unq.edu.ar\/?author=1"},"uagb_comment_info":0,"uagb_excerpt":"Tema 13: Investigaci\u00f3n de mercados Conoceremos los principales aspectos de la herramienta de investigaci\u00f3n de mercados internacionales. Bibliograf\u00eda recomendada Contenido [&hellip;]","_links":{"self":[{"href":"https:\/\/ici.unq.edu.ar\/index.php?rest_route=\/wp\/v2\/pages\/64","targetHints":{"allow":["GET"]}}],"collection":[{"href":"https:\/\/ici.unq.edu.ar\/index.php?rest_route=\/wp\/v2\/pages"}],"about":[{"href":"https:\/\/ici.unq.edu.ar\/index.php?rest_route=\/wp\/v2\/types\/page"}],"author":[{"embeddable":true,"href":"https:\/\/ici.unq.edu.ar\/index.php?rest_route=\/wp\/v2\/users\/1"}],"replies":[{"embeddable":true,"href":"https:\/\/ici.unq.edu.ar\/index.php?rest_route=%2Fwp%2Fv2%2Fcomments&post=64"}],"version-history":[{"count":18,"href":"https:\/\/ici.unq.edu.ar\/index.php?rest_route=\/wp\/v2\/pages\/64\/revisions"}],"predecessor-version":[{"id":837,"href":"https:\/\/ici.unq.edu.ar\/index.php?rest_route=\/wp\/v2\/pages\/64\/revisions\/837"}],"up":[{"embeddable":true,"href":"https:\/\/ici.unq.edu.ar\/index.php?rest_route=\/wp\/v2\/pages\/29"}],"wp:attachment":[{"href":"https:\/\/ici.unq.edu.ar\/index.php?rest_route=%2Fwp%2Fv2%2Fmedia&parent=64"}],"curies":[{"name":"wp","href":"https:\/\/api.w.org\/{rel}","templated":true}]}}