{"id":27,"date":"2024-06-18T14:50:33","date_gmt":"2024-06-18T17:50:33","guid":{"rendered":"https:\/\/ici.unq.edu.ar\/?page_id=27"},"modified":"2026-03-16T10:53:24","modified_gmt":"2026-03-16T13:53:24","slug":"acerca-de","status":"publish","type":"page","link":"https:\/\/ici.unq.edu.ar\/?page_id=27","title":{"rendered":"Acerca de"},"content":{"rendered":"\n<div class=\"wp-block-uagb-container uagb-block-390ad872 alignfull uagb-is-root-container\"><div class=\"uagb-container-inner-blocks-wrap\">\n<div class=\"wp-block-uagb-container uagb-block-7607588b\"><\/div>\n\n\n\n<div class=\"wp-block-uagb-container uagb-block-9130ef26\">\n<div class=\"wp-block-uagb-advanced-heading uagb-block-8ae8aabe\"><h2 class=\"uagb-heading-text\">Acerca de ICI<\/h2><\/div>\n<\/div>\n\n\n\n<div class=\"wp-block-uagb-container uagb-block-149835f9\"><\/div>\n<\/div><\/div>\n\n\n\n<div class=\"wp-block-uagb-container uagb-block-807059ee alignfull uagb-is-root-container\"><div class=\"uagb-container-inner-blocks-wrap\">\n<div class=\"wp-block-uagb-container uagb-block-8c553ae9\"><\/div>\n\n\n\n<div class=\"wp-block-uagb-container uagb-block-f4bb2caa\">\n<p>Hace varios a\u00f1os que somos profesores en la Universidad, pero cuando \u00e9ramos estudiantes a mediados de la d\u00e9cada de 1990, nuestros profesores nos explicaban los cambios substanciales que hab\u00edan acontecido en el sistema productivo de los pa\u00edses industrializados desde fines de la d\u00e9cada de 1970, c\u00f3mo ello hab\u00eda impactado fuertemente en el volumen y la composici\u00f3n del comercio internacional y, al mismo tiempo, c\u00f3mo ese cambio hab\u00eda influido fuertemente en el crecimiento y desarrollo econ\u00f3mico de esos pa\u00edses. Esa situaci\u00f3n se hab\u00eda replicado una d\u00e9cada m\u00e1s adelante en los llamados \u201cTigres Asi\u00e1ticos\u201d con resultados en parte bastante similares, aunque cuando ese proceso se desarroll\u00f3 en Am\u00e9rica Latina el cambio del sistema productivo en gran medida no se concret\u00f3 con \u00e9xito, y los resultados fueron lo suficientemente malos como para generar un gran desencanto tanto desde lo econ\u00f3mico como desde lo pol\u00edtico y social.<br><br>Los siguientes veinte a\u00f1os pudimos estudiar y aprender las lecciones de ese fracaso relativo, al tiempo que fuimos testigos del gran avance en el bienestar econ\u00f3mico de aquellos pa\u00edses que s\u00ed hab\u00edan logrado subirse a lo que finalmente se llam\u00f3 la \u201cTercera Revoluci\u00f3n Industrial\u201d, que consisti\u00f3 a muy grandes rasgos en la aplicaci\u00f3n combinada de las formas postfordistas de producci\u00f3n, la liberalizaci\u00f3n de la econom\u00eda y principalmente del comercio internacional, la aplicaci\u00f3n de la pol\u00edtica comercial estrat\u00e9gica centrada en el aumento del gasto en Investigaci\u00f3n y Desarrollo (I+D), el fortalecimiento y perfeccionamiento de los Sistemas Nacionales de Innovaci\u00f3n (SIN) y la atracci\u00f3n de la Inversi\u00f3n Extranjera Directa (IED) en industrias estrat\u00e9gicas.<br><br>Lo maravilloso de estudiar el comercio internacional en esos a\u00f1os resid\u00eda en que est\u00e1bamos inmersos en el mismo proceso que estudi\u00e1bamos. Pod\u00edamos palpar claramente lo que suced\u00eda y, lamentablemente, hacia d\u00f3nde nos dirig\u00edamos\u2026 pero lo usamos como ventaja estrat\u00e9gica: salimos de la Universidad al sistema productivo con una idea bastante clara de c\u00f3mo trabajar en la inserci\u00f3n internacional de las empresas y muchos colegas hoy son exitosos directivos en compa\u00f1\u00edas de diferentes tama\u00f1os y sectores productivos.<\/p>\n<\/div>\n\n\n\n<div class=\"wp-block-uagb-container uagb-block-f935bd51\"><\/div>\n<\/div><\/div>\n\n\n\n<div class=\"wp-block-uagb-container uagb-block-14eba8e5 alignfull uagb-is-root-container\"><div class=\"uagb-container-inner-blocks-wrap\">\n<div class=\"wp-block-uagb-container uagb-block-3fd29487\"><\/div>\n\n\n\n<div class=\"wp-block-uagb-container uagb-block-62bc4af6\">\n<div class=\"wp-block-uagb-image uagb-block-40de3c73 wp-block-uagb-image--layout-default wp-block-uagb-image--effect-static wp-block-uagb-image--align-none\"><figure class=\"wp-block-uagb-image__figure\"><img decoding=\"async\" srcset=\"https:\/\/ici.unq.edu.ar\/wp-content\/uploads\/2025\/08\/Reynolds-Leva-1024x576.jpg ,https:\/\/ici.unq.edu.ar\/wp-content\/uploads\/2025\/08\/Reynolds-Leva.jpg 780w, https:\/\/ici.unq.edu.ar\/wp-content\/uploads\/2025\/08\/Reynolds-Leva.jpg 360w\" sizes=\"auto, (max-width: 480px) 150px\" src=\"https:\/\/ici.unq.edu.ar\/wp-content\/uploads\/2025\/08\/Reynolds-Leva-1024x576.jpg\" alt=\"\" class=\"uag-image-654\" width=\"1024\" height=\"576\" title=\"Reynolds-Leva\" loading=\"lazy\" role=\"img\"\/><\/figure><\/div>\n<\/div>\n\n\n\n<div class=\"wp-block-uagb-container uagb-block-0ac58f19\"><\/div>\n<\/div><\/div>\n\n\n\n<div class=\"wp-block-uagb-container uagb-block-248b8dae alignfull uagb-is-root-container\"><div class=\"uagb-container-inner-blocks-wrap\">\n<div class=\"wp-block-uagb-container uagb-block-c184b04a\"><\/div>\n\n\n\n<div class=\"wp-block-uagb-container uagb-block-ec331273\">\n<p>La ventaja de estudiar comercio internacional hace treinta a\u00f1os fue estar justo posicionados en la ola para poder surfearla. <strong>Nuestros alumnos preguntan entonces <\/strong><em><strong>\u00bfpor qu\u00e9 estudiar el comercio internacional hoy?<\/strong> <\/em>Bueno, es que estamos exactamente en la misma situaci\u00f3n. Nos encontramos frente a un cambio radical en el sistema productivo mundial, lo que llamamos \u201cCuarta Revoluci\u00f3n Industrial\u201d. Los pa\u00edses industrializados de siempre y los nuevos pa\u00edses industrializados est\u00e1n implementando velozmente las nuevas tecnolog\u00edas a sus sistemas productivos, lo que traer\u00e1 sin dudas nuevos cambios en los patrones de intercambio global que dejar\u00e1n sus efectos en el crecimiento y desarrollo econ\u00f3mico de los pa\u00edses\u2026 y de las personas. Varios ya han comenzado a remar la ola que se est\u00e1 formando: \u00a1es tiempo de prepararse para surfear nuevamente! y sinceramente esperamos que todo nuestro trabajo en aula te sirva para estar preparado para esta nueva ola.<br><br>Profesores Germ\u00e1n Reynolds y Germ\u00e1n Leva<\/p>\n<\/div>\n\n\n\n<div class=\"wp-block-uagb-container uagb-block-d074c223\"><\/div>\n<\/div><\/div>\n","protected":false},"excerpt":{"rendered":"<p>Acerca de ICI Hace varios a\u00f1os que somos profesores en la Universidad, pero cuando \u00e9ramos estudiantes a mediados de la [&hellip;]<\/p>\n","protected":false},"author":1,"featured_media":0,"parent":0,"menu_order":0,"comment_status":"closed","ping_status":"closed","template":"","meta":{"_uag_custom_page_level_css":"","site-sidebar-layout":"default","site-content-layout":"","ast-site-content-layout":"default","site-content-style":"default","site-sidebar-style":"default","ast-global-header-display":"","ast-banner-title-visibility":"","ast-main-header-display":"","ast-hfb-above-header-display":"","ast-hfb-below-header-display":"","ast-hfb-mobile-header-display":"","site-post-title":"disabled","ast-breadcrumbs-content":"","ast-featured-img":"","footer-sml-layout":"","theme-transparent-header-meta":"","adv-header-id-meta":"","stick-header-meta":"","header-above-stick-meta":"","header-main-stick-meta":"","header-below-stick-meta":"","astra-migrate-meta-layouts":"default","ast-page-background-enabled":"default","ast-page-background-meta":{"desktop":{"background-color":"var(--ast-global-color-4)","background-image":"","background-repeat":"repeat","background-position":"center center","background-size":"auto","background-attachment":"scroll","background-type":"","background-media":"","overlay-type":"","overlay-color":"","overlay-opacity":"","overlay-gradient":""},"tablet":{"background-color":"","background-image":"","background-repeat":"repeat","background-position":"center center","background-size":"auto","background-attachment":"scroll","background-type":"","background-media":"","overlay-type":"","overlay-color":"","overlay-opacity":"","overlay-gradient":""},"mobile":{"background-color":"","background-image":"","background-repeat":"repeat","background-position":"center center","background-size":"auto","background-attachment":"scroll","background-type":"","background-media":"","overlay-type":"","overlay-color":"","overlay-opacity":"","overlay-gradient":""}},"ast-content-background-meta":{"desktop":{"background-color":"var(--ast-global-color-5)","background-image":"","background-repeat":"repeat","background-position":"center center","background-size":"auto","background-attachment":"scroll","background-type":"","background-media":"","overlay-type":"","overlay-color":"","overlay-opacity":"","overlay-gradient":""},"tablet":{"background-color":"var(--ast-global-color-5)","background-image":"","background-repeat":"repeat","background-position":"center center","background-size":"auto","background-attachment":"scroll","background-type":"","background-media":"","overlay-type":"","overlay-color":"","overlay-opacity":"","overlay-gradient":""},"mobile":{"background-color":"var(--ast-global-color-5)","background-image":"","background-repeat":"repeat","background-position":"center center","background-size":"auto","background-attachment":"scroll","background-type":"","background-media":"","overlay-type":"","overlay-color":"","overlay-opacity":"","overlay-gradient":""}},"footnotes":""},"class_list":["post-27","page","type-page","status-publish","hentry"],"uagb_featured_image_src":{"full":false,"thumbnail":false,"medium":false,"medium_large":false,"large":false,"1536x1536":false,"2048x2048":false},"uagb_author_info":{"display_name":"gleva","author_link":"https:\/\/ici.unq.edu.ar\/?author=1"},"uagb_comment_info":0,"uagb_excerpt":"Acerca de ICI Hace varios a\u00f1os que somos profesores en la Universidad, pero cuando \u00e9ramos estudiantes a mediados de la [&hellip;]","_links":{"self":[{"href":"https:\/\/ici.unq.edu.ar\/index.php?rest_route=\/wp\/v2\/pages\/27","targetHints":{"allow":["GET"]}}],"collection":[{"href":"https:\/\/ici.unq.edu.ar\/index.php?rest_route=\/wp\/v2\/pages"}],"about":[{"href":"https:\/\/ici.unq.edu.ar\/index.php?rest_route=\/wp\/v2\/types\/page"}],"author":[{"embeddable":true,"href":"https:\/\/ici.unq.edu.ar\/index.php?rest_route=\/wp\/v2\/users\/1"}],"replies":[{"embeddable":true,"href":"https:\/\/ici.unq.edu.ar\/index.php?rest_route=%2Fwp%2Fv2%2Fcomments&post=27"}],"version-history":[{"count":11,"href":"https:\/\/ici.unq.edu.ar\/index.php?rest_route=\/wp\/v2\/pages\/27\/revisions"}],"predecessor-version":[{"id":821,"href":"https:\/\/ici.unq.edu.ar\/index.php?rest_route=\/wp\/v2\/pages\/27\/revisions\/821"}],"wp:attachment":[{"href":"https:\/\/ici.unq.edu.ar\/index.php?rest_route=%2Fwp%2Fv2%2Fmedia&parent=27"}],"curies":[{"name":"wp","href":"https:\/\/api.w.org\/{rel}","templated":true}]}}