{"id":25,"date":"2024-06-18T14:49:05","date_gmt":"2024-06-18T17:49:05","guid":{"rendered":"https:\/\/ici.unq.edu.ar\/?page_id=25"},"modified":"2026-03-16T10:53:44","modified_gmt":"2026-03-16T13:53:44","slug":"inicio","status":"publish","type":"page","link":"https:\/\/ici.unq.edu.ar\/","title":{"rendered":"Inicio"},"content":{"rendered":"\n<div class=\"wp-block-uagb-container uagb-block-e1c271b6 alignfull uagb-is-root-container\"><div class=\"uagb-container-inner-blocks-wrap\">\n<div class=\"wp-block-uagb-container uagb-block-792e6d59\"><\/div>\n\n\n\n<div class=\"wp-block-uagb-container uagb-block-b30ddce7\">\n<div class=\"wp-block-uagb-advanced-heading uagb-block-6cf4b782\"><h1 class=\"uagb-heading-text\">Bienvenidos al curso de Introducci\u00f3n al Comercio Internacional<\/h1><\/div>\n<\/div>\n\n\n\n<div class=\"wp-block-uagb-container uagb-block-55a80b1b\"><\/div>\n<\/div><\/div>\n\n\n\n<p><\/p>\n\n\n\n<div class=\"wp-block-uagb-container uagb-block-e9c2e89d alignfull uagb-is-root-container\"><div class=\"uagb-container-inner-blocks-wrap\">\n<div class=\"wp-block-uagb-container uagb-block-93567f73\"><\/div>\n\n\n\n<div class=\"wp-block-uagb-container uagb-block-886012f8\">\n<p>Esta p\u00e1gina es una herramienta del curso de ICI que se dicta en el Departamento de Econom\u00eda y Administraci\u00f3n de la Universidad Nacional de Quilmes.<br><br>La hemos dise\u00f1ado para el uso de los estudiantes inscriptos en las cursadas cuatrimestrales, con toda la informaci\u00f3n disponible sobre la materia: novedades, apuntes, presentaciones, bibliograf\u00eda, etc. La p\u00e1gina se actualizar\u00e1 peri\u00f3dicamente, por lo que es recomendable ingresar al menos una vez a la semana durante la cursada.<br><br>Les recomendamos leer detenidamente el programa de la materia, ingresando en la secci\u00f3n &#8220;Materia&#8221; de la barra de navegaci\u00f3n superior.<br><br>Esperamos que la p\u00e1gina sea de utilidad y encuentren en ella material y recursos para sus estudios.<br>Un cordial saludo,<br>Profesores Germ\u00e1n Leva y Germ\u00e1n Reynolds<br><\/p>\n<\/div>\n\n\n\n<div class=\"wp-block-uagb-container uagb-block-d5bc6a4e\"><\/div>\n<\/div><\/div>\n\n\n\n<p><\/p>\n","protected":false},"excerpt":{"rendered":"<p>Bienvenidos al curso de Introducci\u00f3n al Comercio Internacional Esta p\u00e1gina es una herramienta del curso de ICI que se dicta [&hellip;]<\/p>\n","protected":false},"author":1,"featured_media":0,"parent":0,"menu_order":0,"comment_status":"closed","ping_status":"closed","template":"","meta":{"_uag_custom_page_level_css":"","site-sidebar-layout":"default","site-content-layout":"","ast-site-content-layout":"default","site-content-style":"default","site-sidebar-style":"default","ast-global-header-display":"","ast-banner-title-visibility":"","ast-main-header-display":"","ast-hfb-above-header-display":"","ast-hfb-below-header-display":"","ast-hfb-mobile-header-display":"","site-post-title":"disabled","ast-breadcrumbs-content":"","ast-featured-img":"","footer-sml-layout":"","theme-transparent-header-meta":"","adv-header-id-meta":"","stick-header-meta":"","header-above-stick-meta":"","header-main-stick-meta":"","header-below-stick-meta":"","astra-migrate-meta-layouts":"default","ast-page-background-enabled":"default","ast-page-background-meta":{"desktop":{"background-color":"var(--ast-global-color-4)","background-image":"","background-repeat":"repeat","background-position":"center center","background-size":"auto","background-attachment":"scroll","background-type":"","background-media":"","overlay-type":"","overlay-color":"","overlay-opacity":"","overlay-gradient":""},"tablet":{"background-color":"","background-image":"","background-repeat":"repeat","background-position":"center center","background-size":"auto","background-attachment":"scroll","background-type":"","background-media":"","overlay-type":"","overlay-color":"","overlay-opacity":"","overlay-gradient":""},"mobile":{"background-color":"","background-image":"","background-repeat":"repeat","background-position":"center center","background-size":"auto","background-attachment":"scroll","background-type":"","background-media":"","overlay-type":"","overlay-color":"","overlay-opacity":"","overlay-gradient":""}},"ast-content-background-meta":{"desktop":{"background-color":"var(--ast-global-color-5)","background-image":"","background-repeat":"repeat","background-position":"center center","background-size":"auto","background-attachment":"scroll","background-type":"","background-media":"","overlay-type":"","overlay-color":"","overlay-opacity":"","overlay-gradient":""},"tablet":{"background-color":"var(--ast-global-color-5)","background-image":"","background-repeat":"repeat","background-position":"center center","background-size":"auto","background-attachment":"scroll","background-type":"","background-media":"","overlay-type":"","overlay-color":"","overlay-opacity":"","overlay-gradient":""},"mobile":{"background-color":"var(--ast-global-color-5)","background-image":"","background-repeat":"repeat","background-position":"center center","background-size":"auto","background-attachment":"scroll","background-type":"","background-media":"","overlay-type":"","overlay-color":"","overlay-opacity":"","overlay-gradient":""}},"footnotes":""},"class_list":["post-25","page","type-page","status-publish","hentry"],"uagb_featured_image_src":{"full":false,"thumbnail":false,"medium":false,"medium_large":false,"large":false,"1536x1536":false,"2048x2048":false},"uagb_author_info":{"display_name":"gleva","author_link":"https:\/\/ici.unq.edu.ar\/?author=1"},"uagb_comment_info":0,"uagb_excerpt":"Bienvenidos al curso de Introducci\u00f3n al Comercio Internacional Esta p\u00e1gina es una herramienta del curso de ICI que se dicta [&hellip;]","_links":{"self":[{"href":"https:\/\/ici.unq.edu.ar\/index.php?rest_route=\/wp\/v2\/pages\/25","targetHints":{"allow":["GET"]}}],"collection":[{"href":"https:\/\/ici.unq.edu.ar\/index.php?rest_route=\/wp\/v2\/pages"}],"about":[{"href":"https:\/\/ici.unq.edu.ar\/index.php?rest_route=\/wp\/v2\/types\/page"}],"author":[{"embeddable":true,"href":"https:\/\/ici.unq.edu.ar\/index.php?rest_route=\/wp\/v2\/users\/1"}],"replies":[{"embeddable":true,"href":"https:\/\/ici.unq.edu.ar\/index.php?rest_route=%2Fwp%2Fv2%2Fcomments&post=25"}],"version-history":[{"count":14,"href":"https:\/\/ici.unq.edu.ar\/index.php?rest_route=\/wp\/v2\/pages\/25\/revisions"}],"predecessor-version":[{"id":822,"href":"https:\/\/ici.unq.edu.ar\/index.php?rest_route=\/wp\/v2\/pages\/25\/revisions\/822"}],"wp:attachment":[{"href":"https:\/\/ici.unq.edu.ar\/index.php?rest_route=%2Fwp%2Fv2%2Fmedia&parent=25"}],"curies":[{"name":"wp","href":"https:\/\/api.w.org\/{rel}","templated":true}]}}