{"id":244,"date":"2025-07-31T19:52:27","date_gmt":"2025-07-31T22:52:27","guid":{"rendered":"https:\/\/ici.unq.edu.ar\/?page_id=244"},"modified":"2026-03-16T10:55:05","modified_gmt":"2026-03-16T13:55:05","slug":"tema-2","status":"publish","type":"page","link":"https:\/\/ici.unq.edu.ar\/?page_id=244","title":{"rendered":"Tema 2"},"content":{"rendered":"\n<div class=\"wp-block-uagb-container uagb-block-69263cf0 alignfull uagb-is-root-container\"><div class=\"uagb-container-inner-blocks-wrap\">\n<div class=\"wp-block-uagb-container uagb-block-ddf74b30\"><\/div>\n\n\n\n<div class=\"wp-block-uagb-advanced-heading uagb-block-f384e65b\"><h2 class=\"uagb-heading-text\">Tema 2: Teor\u00edas del comercio<\/h2><\/div>\n\n\n\n<div class=\"wp-block-uagb-container uagb-block-73645bf9\"><\/div>\n<\/div><\/div>\n\n\n\n<div class=\"wp-block-uagb-container uagb-block-1fbd5f77 alignfull uagb-is-root-container\"><div class=\"uagb-container-inner-blocks-wrap\">\n<div class=\"wp-block-uagb-container uagb-block-ef57926c\"><\/div>\n\n\n\n<div class=\"wp-block-uagb-container uagb-block-89072a22\">\n<p>Revisaremos diferentes teor\u00edas del comercio internacional. Comenzaremos con los Mercantilistas, siguiendo con los Cl\u00e1sicos (Adam Smith y David Ricardo), el modelo de dotaci\u00f3n factorial (Heckscher y Ohlin), las Nuevas Teor\u00edas del Comercio (Paul Krugman) y la Pol\u00edtica Comercial Estrat\u00e9gica (Brander y Spencer).<\/p>\n<\/div>\n\n\n\n<div class=\"wp-block-uagb-container uagb-block-9c6bdff8\"><\/div>\n<\/div><\/div>\n\n\n\n<div class=\"wp-block-uagb-container uagb-block-72d74eba alignfull uagb-is-root-container\"><div class=\"uagb-container-inner-blocks-wrap\">\n<div class=\"wp-block-uagb-container uagb-block-1bfaee65\"><\/div>\n\n\n\n<div class=\"wp-block-uagb-info-box uagb-block-d5b9d5db uagb-infobox__content-wrap  uagb-infobox-icon-above-title uagb-infobox-image-valign-top\"><div class=\"uagb-ifb-content\"><div class=\"uagb-ifb-icon-wrap\"><svg xmlns=\"https:\/\/www.w3.org\/2000\/svg\" viewBox=\"0 0 640 512\"><path d=\"M592 0h-384C181.5 0 160 22.25 160 49.63V96c23.42 0 45.1 6.781 63.1 17.81V64h352v288h-64V304c0-8.838-7.164-16-16-16h-96c-8.836 0-16 7.162-16 16V352H287.3c22.07 16.48 39.54 38.5 50.76 64h253.9C618.5 416 640 393.8 640 366.4V49.63C640 22.25 618.5 0 592 0zM160 320c53.02 0 96-42.98 96-96c0-53.02-42.98-96-96-96C106.1 128 64 170.1 64 224C64 277 106.1 320 160 320zM192 352H128c-70.69 0-128 57.31-128 128c0 17.67 14.33 32 32 32h256c17.67 0 32-14.33 32-32C320 409.3 262.7 352 192 352z\"><\/path><\/svg><\/div><div class=\"uagb-ifb-title-wrap\"><h3 class=\"uagb-ifb-title\">[diapositivas]<\/h3><\/div><p class=\"uagb-ifb-desc\">Teor\u00edas del Comercio<\/p><div class=\"uagb-ifb-button-wrapper wp-block-button\"><a href=\"https:\/\/ici.unq.edu.ar\/wp-content\/uploads\/2025\/07\/ICI_T02_Teorias-del-comercio-diapositivas.pdf\" class=\"uagb-infobox-cta-link wp-block-button__link\" target=\"_blank\" rel=\"noopener noreferrer\" onclick=\"return true;\"><span class=\"uagb-inline-editing\">Descargar<\/span><svg xmlns=\"https:\/\/www.w3.org\/2000\/svg\" viewBox=\"0 0 384 512\"><path d=\"M88 304H80V256H88C101.3 256 112 266.7 112 280C112 293.3 101.3 304 88 304zM192 256H200C208.8 256 216 263.2 216 272V336C216 344.8 208.8 352 200 352H192V256zM224 0V128C224 145.7 238.3 160 256 160H384V448C384 483.3 355.3 512 320 512H64C28.65 512 0 483.3 0 448V64C0 28.65 28.65 0 64 0H224zM64 224C55.16 224 48 231.2 48 240V368C48 376.8 55.16 384 64 384C72.84 384 80 376.8 80 368V336H88C118.9 336 144 310.9 144 280C144 249.1 118.9 224 88 224H64zM160 368C160 376.8 167.2 384 176 384H200C226.5 384 248 362.5 248 336V272C248 245.5 226.5 224 200 224H176C167.2 224 160 231.2 160 240V368zM288 224C279.2 224 272 231.2 272 240V368C272 376.8 279.2 384 288 384C296.8 384 304 376.8 304 368V320H336C344.8 320 352 312.8 352 304C352 295.2 344.8 288 336 288H304V256H336C344.8 256 352 248.8 352 240C352 231.2 344.8 224 336 224H288zM256 0L384 128H256V0z\"><\/path><\/svg><\/a><\/div><\/div><\/div>\n\n\n\n<div class=\"wp-block-uagb-info-box uagb-block-66e54bb2 uagb-infobox__content-wrap  uagb-infobox-icon-above-title uagb-infobox-image-valign-top\"><div class=\"uagb-ifb-content\"><div class=\"uagb-ifb-icon-wrap\"><svg xmlns=\"https:\/\/www.w3.org\/2000\/svg\" viewBox=\"0 0 576 512\"><path d=\"M144.3 32.04C106.9 31.29 63.7 41.44 18.6 61.29c-11.42 5.026-18.6 16.67-18.6 29.15l0 357.6c0 11.55 11.99 19.55 22.45 14.65c126.3-59.14 219.8 11 223.8 14.01C249.1 478.9 252.5 480 256 480c12.4 0 16-11.38 16-15.98V80.04c0-5.203-2.531-10.08-6.781-13.08C263.3 65.58 216.7 33.35 144.3 32.04zM557.4 61.29c-45.11-19.79-88.48-29.61-125.7-29.26c-72.44 1.312-118.1 33.55-120.9 34.92C306.5 69.96 304 74.83 304 80.04v383.1C304 468.4 307.5 480 320 480c3.484 0 6.938-1.125 9.781-3.328c3.925-3.018 97.44-73.16 223.8-14c10.46 4.896 22.45-3.105 22.45-14.65l.0001-357.6C575.1 77.97 568.8 66.31 557.4 61.29z\"><\/path><\/svg><\/div><div class=\"uagb-ifb-title-wrap\"><h3 class=\"uagb-ifb-title\">[apuntes]<\/h3><\/div><p class=\"uagb-ifb-desc\">Teor\u00edas del Comercio<\/p><div class=\"uagb-ifb-button-wrapper wp-block-button\"><a href=\"https:\/\/ici.unq.edu.ar\/wp-content\/uploads\/2025\/07\/ICI_T02_Teorias-CI-apuntes-de-clase.pdf\" class=\"uagb-infobox-cta-link wp-block-button__link\" target=\"_blank\" rel=\"noopener noreferrer\" onclick=\"return true;\"><span class=\"uagb-inline-editing\">Descargar<\/span><svg xmlns=\"https:\/\/www.w3.org\/2000\/svg\" viewBox=\"0 0 384 512\"><path d=\"M88 304H80V256H88C101.3 256 112 266.7 112 280C112 293.3 101.3 304 88 304zM192 256H200C208.8 256 216 263.2 216 272V336C216 344.8 208.8 352 200 352H192V256zM224 0V128C224 145.7 238.3 160 256 160H384V448C384 483.3 355.3 512 320 512H64C28.65 512 0 483.3 0 448V64C0 28.65 28.65 0 64 0H224zM64 224C55.16 224 48 231.2 48 240V368C48 376.8 55.16 384 64 384C72.84 384 80 376.8 80 368V336H88C118.9 336 144 310.9 144 280C144 249.1 118.9 224 88 224H64zM160 368C160 376.8 167.2 384 176 384H200C226.5 384 248 362.5 248 336V272C248 245.5 226.5 224 200 224H176C167.2 224 160 231.2 160 240V368zM288 224C279.2 224 272 231.2 272 240V368C272 376.8 279.2 384 288 384C296.8 384 304 376.8 304 368V320H336C344.8 320 352 312.8 352 304C352 295.2 344.8 288 336 288H304V256H336C344.8 256 352 248.8 352 240C352 231.2 344.8 224 336 224H288zM256 0L384 128H256V0z\"><\/path><\/svg><\/a><\/div><\/div><\/div>\n\n\n\n<div class=\"wp-block-uagb-container uagb-block-97f73361\"><\/div>\n<\/div><\/div>\n\n\n\n<div class=\"wp-block-uagb-container uagb-block-56e95b5d alignfull uagb-is-root-container\"><div class=\"uagb-container-inner-blocks-wrap\">\n<div class=\"wp-block-uagb-container uagb-block-6f128d53\"><\/div>\n\n\n\n<div class=\"wp-block-uagb-container uagb-block-225c8426\">\n<div class=\"wp-block-uagb-advanced-heading uagb-block-1ace270c\"><h6 class=\"uagb-heading-text\">Bibliograf\u00eda recomendada<\/h6><\/div>\n\n\n\n<div class=\"wp-block-uagb-icon-list uagb-block-9014a14a\"><div class=\"uagb-icon-list__wrap\">\n<div class=\"wp-block-uagb-icon-list-child uagb-block-f2918323\"><a target=\"_blank\" aria-label=\"Lugones, Gustavo (2008), Teor\u00edas del Comercio Internacional. Universidad Nacional de Quilmes, Argentina (material de trabajo de la C\u00e1tedra &quot;Teor\u00edas del Comercio Internacional&quot; de la Universidad Virtual de Quilmes).\" rel=\"noopener noreferrer\" href=\"https:\/\/ici.unq.edu.ar\/wp-content\/uploads\/2025\/07\/Lugones_TeoriasCI.zip\"> <\/a><span class=\"uagb-icon-list__source-wrap\"><svg xmlns=\"https:\/\/www.w3.org\/2000\/svg\" viewBox=\"0 0 384 512\"><path d=\"M256 0v128h128L256 0zM224 128L224 0H48C21.49 0 0 21.49 0 48v416C0 490.5 21.49 512 48 512h288c26.51 0 48-21.49 48-48V160h-127.1C238.3 160 224 145.7 224 128zM96 32h64v32H96V32zM96 96h64v32H96V96zM96 160h64v32H96V160zM128.3 415.1c-40.56 0-70.76-36.45-62.83-75.45L96 224h64l30.94 116.9C198.7 379.7 168.5 415.1 128.3 415.1zM144 336h-32C103.2 336 96 343.2 96 352s7.164 16 16 16h32C152.8 368 160 360.8 160 352S152.8 336 144 336z\"><\/path><\/svg><\/span><span class=\"uagb-icon-list__label\">Lugones, Gustavo (2008), Teor\u00edas del Comercio Internacional. Universidad Nacional de Quilmes, Argentina (material de trabajo de la C\u00e1tedra &#8220;Teor\u00edas del Comercio Internacional&#8221; de la Universidad Virtual de Quilmes).<\/span><\/div>\n\n\n\n<div class=\"wp-block-uagb-icon-list-child uagb-block-57d3f6c7\"><a target=\"_blank\" aria-label=\"Steimberg, F. (2004) La nueva teor\u00eda del comercio internacional y la pol\u00edtica comercial estrat\u00e9gica. Eumed.net.\" rel=\"noopener noreferrer\" href=\"https:\/\/ici.unq.edu.ar\/wp-content\/uploads\/2025\/07\/Steimberg_nuevas_teorias_CI.pdf\"> <\/a><span class=\"uagb-icon-list__source-wrap\"><svg xmlns=\"https:\/\/www.w3.org\/2000\/svg\" viewBox=\"0 0 384 512\"><path d=\"M88 304H80V256H88C101.3 256 112 266.7 112 280C112 293.3 101.3 304 88 304zM192 256H200C208.8 256 216 263.2 216 272V336C216 344.8 208.8 352 200 352H192V256zM224 0V128C224 145.7 238.3 160 256 160H384V448C384 483.3 355.3 512 320 512H64C28.65 512 0 483.3 0 448V64C0 28.65 28.65 0 64 0H224zM64 224C55.16 224 48 231.2 48 240V368C48 376.8 55.16 384 64 384C72.84 384 80 376.8 80 368V336H88C118.9 336 144 310.9 144 280C144 249.1 118.9 224 88 224H64zM160 368C160 376.8 167.2 384 176 384H200C226.5 384 248 362.5 248 336V272C248 245.5 226.5 224 200 224H176C167.2 224 160 231.2 160 240V368zM288 224C279.2 224 272 231.2 272 240V368C272 376.8 279.2 384 288 384C296.8 384 304 376.8 304 368V320H336C344.8 320 352 312.8 352 304C352 295.2 344.8 288 336 288H304V256H336C344.8 256 352 248.8 352 240C352 231.2 344.8 224 336 224H288zM256 0L384 128H256V0z\"><\/path><\/svg><\/span><span class=\"uagb-icon-list__label\">Steimberg, F. (2004) <em>La nueva teor\u00eda del comercio internacional y la pol\u00edtica comercial estrat\u00e9gica<\/em>. Eumed.net.<\/span><\/div>\n\n\n\n<div class=\"wp-block-uagb-icon-list-child uagb-block-7ca5ec20\"><a target=\"_blank\" aria-label=\"Krugman y Obstfeld (1999), Econom\u00eda Internacional, Teor\u00eda y Pol\u00edtica, McGraw-Hill- Madrid o ediciones posteriores.\" rel=\"noopener noreferrer\" href=\"https:\/\/ici.unq.edu.ar\/wp-content\/uploads\/2025\/07\/Krugman-y-Obstfeld-1999.pdf\"> <\/a><span class=\"uagb-icon-list__source-wrap\"><svg xmlns=\"https:\/\/www.w3.org\/2000\/svg\" viewBox=\"0 0 384 512\"><path d=\"M256 0v128h128L256 0zM224 128L224 0H48C21.49 0 0 21.49 0 48v416C0 490.5 21.49 512 48 512h288c26.51 0 48-21.49 48-48V160h-127.1C238.3 160 224 145.7 224 128zM96 32h64v32H96V32zM96 96h64v32H96V96zM96 160h64v32H96V160zM128.3 415.1c-40.56 0-70.76-36.45-62.83-75.45L96 224h64l30.94 116.9C198.7 379.7 168.5 415.1 128.3 415.1zM144 336h-32C103.2 336 96 343.2 96 352s7.164 16 16 16h32C152.8 368 160 360.8 160 352S152.8 336 144 336z\"><\/path><\/svg><\/span><span class=\"uagb-icon-list__label\">Krugman y Obstfeld (1999), Econom\u00eda Internacional, Teor\u00eda y Pol\u00edtica, McGraw-Hill- Madrid o ediciones posteriores.<\/span><\/div>\n\n\n\n<div class=\"wp-block-uagb-icon-list-child uagb-block-175ee400\"><a target=\"_blank\" aria-label=\"WTO (2008), Annual Report 2008, World Trade Organization, Geneva.\" rel=\"noopener noreferrer\" href=\"https:\/\/www.wto.org\/spanish\/res_s\/booksp_s\/anrep_s\/world_trade_report08_s.pdf\"> <\/a><span class=\"uagb-icon-list__source-wrap\"><svg xmlns=\"https:\/\/www.w3.org\/2000\/svg\" viewBox=\"0 0 384 512\"><path d=\"M384 128h-128V0L384 128zM256 160H384v304c0 26.51-21.49 48-48 48h-288C21.49 512 0 490.5 0 464v-416C0 21.49 21.49 0 48 0H224l.0039 128C224 145.7 238.3 160 256 160zM255 295L216 334.1V232c0-13.25-10.75-24-24-24S168 218.8 168 232v102.1L128.1 295C124.3 290.3 118.2 288 112 288S99.72 290.3 95.03 295c-9.375 9.375-9.375 24.56 0 33.94l80 80c9.375 9.375 24.56 9.375 33.94 0l80-80c9.375-9.375 9.375-24.56 0-33.94S264.4 285.7 255 295z\"><\/path><\/svg><\/span><span class=\"uagb-icon-list__label\">WTO (2008), Annual Report<em> 2008<\/em>, World Trade Organization, Geneva.<\/span><\/div>\n<\/div><\/div>\n<\/div>\n\n\n\n<div class=\"wp-block-uagb-container uagb-block-c5bbf7df\"><\/div>\n<\/div><\/div>\n\n\n\n<div class=\"wp-block-uagb-container uagb-block-b928c12d alignfull uagb-is-root-container\"><div class=\"uagb-container-inner-blocks-wrap\">\n<div class=\"wp-block-uagb-container uagb-block-11eaaa08\"><\/div>\n\n\n\n<div class=\"wp-block-uagb-container uagb-block-d13d2046\">\n<div class=\"wp-block-uagb-advanced-heading uagb-block-c93558a6\"><h6 class=\"uagb-heading-text\">Contenido adicional<\/h6><\/div>\n\n\n\n<p>Les dejo un cap\u00edtulo del texto de Jorge S\u00e1bato llamado &#8220;Ensayos en Campera&#8221; que se utiliza en la materia Estructura Econ\u00f3mica Mundial y Argentina, y dos art\u00edculos con 10 a\u00f1os de distancia entre s\u00ed que ilustran un poco la situaci\u00f3n del SNI (es importante aclarar que ambos art\u00edculos inflan un poco la situaci\u00f3n positivamente, pero igualmente son \u00fatiles para ver el estado de la cuesti\u00f3n).<br>No es un tema menor comprender la importancia del SNI en la competitividad del comercio internacional, as\u00ed que aquellos que quieran avanzar en el tema les recomiendo darle un vistazo a estos textos.&nbsp;<\/p>\n\n\n\n<div class=\"wp-block-uagb-icon-list uagb-block-de03c53d\"><div class=\"uagb-icon-list__wrap\">\n<div class=\"wp-block-uagb-icon-list-child uagb-block-b50ff2fb\"><a target=\"_blank\" aria-label=\"Sabato, J. (1979). Ensayos en campera. Ju\u00e1rez.\" rel=\"noopener noreferrer\" href=\"https:\/\/ici.unq.edu.ar\/wp-content\/uploads\/2025\/07\/El_Triangulo_de_Sabato.pdf\"> <\/a><span class=\"uagb-icon-list__source-wrap\"><svg xmlns=\"https:\/\/www.w3.org\/2000\/svg\" viewBox=\"0 0 384 512\"><path d=\"M88 304H80V256H88C101.3 256 112 266.7 112 280C112 293.3 101.3 304 88 304zM192 256H200C208.8 256 216 263.2 216 272V336C216 344.8 208.8 352 200 352H192V256zM224 0V128C224 145.7 238.3 160 256 160H384V448C384 483.3 355.3 512 320 512H64C28.65 512 0 483.3 0 448V64C0 28.65 28.65 0 64 0H224zM64 224C55.16 224 48 231.2 48 240V368C48 376.8 55.16 384 64 384C72.84 384 80 376.8 80 368V336H88C118.9 336 144 310.9 144 280C144 249.1 118.9 224 88 224H64zM160 368C160 376.8 167.2 384 176 384H200C226.5 384 248 362.5 248 336V272C248 245.5 226.5 224 200 224H176C167.2 224 160 231.2 160 240V368zM288 224C279.2 224 272 231.2 272 240V368C272 376.8 279.2 384 288 384C296.8 384 304 376.8 304 368V320H336C344.8 320 352 312.8 352 304C352 295.2 344.8 288 336 288H304V256H336C344.8 256 352 248.8 352 240C352 231.2 344.8 224 336 224H288zM256 0L384 128H256V0z\"><\/path><\/svg><\/span><span class=\"uagb-icon-list__label\">Sabato, J. (1979). <em>Ensayos en campera<\/em>. Ju\u00e1rez.<\/span><\/div>\n\n\n\n<div class=\"wp-block-uagb-icon-list-child uagb-block-21e56fa9\"><a target=\"_blank\" aria-label=\"Chudnovsky, D. (1999), &quot;Pol\u00edticas de ciencia y tecnolog\u00eda y el sistema nacional de innovaci\u00f3n en la Argentina&quot;. Revista de la CEPAL, 67, 183-196.\" rel=\"noopener noreferrer\" href=\"https:\/\/ici.unq.edu.ar\/wp-content\/uploads\/2025\/07\/CEPAL_SNI.pdf\"> <\/a><span class=\"uagb-icon-list__source-wrap\"><svg xmlns=\"https:\/\/www.w3.org\/2000\/svg\" viewBox=\"0 0 384 512\"><path d=\"M88 304H80V256H88C101.3 256 112 266.7 112 280C112 293.3 101.3 304 88 304zM192 256H200C208.8 256 216 263.2 216 272V336C216 344.8 208.8 352 200 352H192V256zM224 0V128C224 145.7 238.3 160 256 160H384V448C384 483.3 355.3 512 320 512H64C28.65 512 0 483.3 0 448V64C0 28.65 28.65 0 64 0H224zM64 224C55.16 224 48 231.2 48 240V368C48 376.8 55.16 384 64 384C72.84 384 80 376.8 80 368V336H88C118.9 336 144 310.9 144 280C144 249.1 118.9 224 88 224H64zM160 368C160 376.8 167.2 384 176 384H200C226.5 384 248 362.5 248 336V272C248 245.5 226.5 224 200 224H176C167.2 224 160 231.2 160 240V368zM288 224C279.2 224 272 231.2 272 240V368C272 376.8 279.2 384 288 384C296.8 384 304 376.8 304 368V320H336C344.8 320 352 312.8 352 304C352 295.2 344.8 288 336 288H304V256H336C344.8 256 352 248.8 352 240C352 231.2 344.8 224 336 224H288zM256 0L384 128H256V0z\"><\/path><\/svg><\/span><span class=\"uagb-icon-list__label\">Chudnovsky, D. (1999), &#8220;Pol\u00edticas de ciencia y tecnolog\u00eda y el sistema nacional de innovaci\u00f3n en la Argentina&#8221;. <em>Revista de la CEPAL<\/em>, <em>67<\/em>, 183-196.<\/span><\/div>\n\n\n\n<div class=\"wp-block-uagb-icon-list-child uagb-block-03accbf0\"><a target=\"_blank\" aria-label=\"MinCyT (2014), Sistema nacional de ciencia, tecnolog\u00eda e innovaci\u00f3n argentino. Ministerio de Ciencia, Tecnolog\u00eda e Innovaci\u00f3n Productiva de la Naci\u00f3n. \" rel=\"noopener noreferrer\" href=\"https:\/\/ici.unq.edu.ar\/wp-content\/uploads\/2025\/07\/lib_ins_sistema-nacional-de-ciencia-tecnologia-e-innovacion-argentino.pdf\"> <\/a><span class=\"uagb-icon-list__source-wrap\"><svg xmlns=\"https:\/\/www.w3.org\/2000\/svg\" viewBox=\"0 0 384 512\"><path d=\"M88 304H80V256H88C101.3 256 112 266.7 112 280C112 293.3 101.3 304 88 304zM192 256H200C208.8 256 216 263.2 216 272V336C216 344.8 208.8 352 200 352H192V256zM224 0V128C224 145.7 238.3 160 256 160H384V448C384 483.3 355.3 512 320 512H64C28.65 512 0 483.3 0 448V64C0 28.65 28.65 0 64 0H224zM64 224C55.16 224 48 231.2 48 240V368C48 376.8 55.16 384 64 384C72.84 384 80 376.8 80 368V336H88C118.9 336 144 310.9 144 280C144 249.1 118.9 224 88 224H64zM160 368C160 376.8 167.2 384 176 384H200C226.5 384 248 362.5 248 336V272C248 245.5 226.5 224 200 224H176C167.2 224 160 231.2 160 240V368zM288 224C279.2 224 272 231.2 272 240V368C272 376.8 279.2 384 288 384C296.8 384 304 376.8 304 368V320H336C344.8 320 352 312.8 352 304C352 295.2 344.8 288 336 288H304V256H336C344.8 256 352 248.8 352 240C352 231.2 344.8 224 336 224H288zM256 0L384 128H256V0z\"><\/path><\/svg><\/span><span class=\"uagb-icon-list__label\">MinCyT (2014), <em>Sistema nacional de ciencia, tecnolog\u00eda e innovaci\u00f3n argentino<\/em>. Ministerio de Ciencia, Tecnolog\u00eda e Innovaci\u00f3n Productiva de la Naci\u00f3n. <\/span><\/div>\n\n\n\n<div class=\"wp-block-uagb-icon-list-child uagb-block-de01dafb\"><a target=\"_blank\" aria-label=\"Salinas Ventura, Juli\u00e1n (2014), \u00bfSe da por obsoleta la pol\u00edtica comercial estrat\u00e9gica o se redefine desde las actuales circunstancias?, en Econom\u00eda y Sociedad, Vol. 19, N\u00b046, pp. 1-16.\" rel=\"noopener noreferrer\" href=\"https:\/\/www.revistas.una.ac.cr\/index.php\/economia\/article\/view\/6087\/6929\"> <\/a><span class=\"uagb-icon-list__source-wrap\"><svg xmlns=\"https:\/\/www.w3.org\/2000\/svg\" viewBox=\"0 0 384 512\"><path d=\"M384 128h-128V0L384 128zM256 160H384v304c0 26.51-21.49 48-48 48h-288C21.49 512 0 490.5 0 464v-416C0 21.49 21.49 0 48 0H224l.0039 128C224 145.7 238.3 160 256 160zM255 295L216 334.1V232c0-13.25-10.75-24-24-24S168 218.8 168 232v102.1L128.1 295C124.3 290.3 118.2 288 112 288S99.72 290.3 95.03 295c-9.375 9.375-9.375 24.56 0 33.94l80 80c9.375 9.375 24.56 9.375 33.94 0l80-80c9.375-9.375 9.375-24.56 0-33.94S264.4 285.7 255 295z\"><\/path><\/svg><\/span><span class=\"uagb-icon-list__label\">Salinas Ventura, Juli\u00e1n (2014), \u00bfSe da por obsoleta la pol\u00edtica comercial estrat\u00e9gica o se redefine desde las actuales circunstancias?, en Econom\u00eda y Sociedad, Vol. 19, N\u00b046, pp. 1-16.<\/span><\/div>\n<\/div><\/div>\n<\/div>\n\n\n\n<div class=\"wp-block-uagb-container uagb-block-638aad26\"><\/div>\n<\/div><\/div>\n\n\n\n<div class=\"wp-block-uagb-container uagb-block-39bfc0b9 alignfull uagb-is-root-container\"><div class=\"uagb-container-inner-blocks-wrap\">\n<div class=\"wp-block-uagb-container uagb-block-89f6d7aa\"><\/div>\n\n\n\n<div class=\"wp-block-uagb-container uagb-block-7b7f80ed\">\n<p><strong>Ejemplo de desarrollo en I+D de largo plazo<\/strong><br><br>En el siguiente video se puede visualizar el caso de Boston Dinamics como ejemplo de las ventajas en desarrollo tecnol\u00f3gico generadas a trav\u00e9s de la la PCE.<\/p>\n<\/div>\n\n\n\n<div class=\"wp-block-uagb-container uagb-block-61504695\"><\/div>\n<\/div><\/div>\n\n\n\n<div class=\"wp-block-uagb-container uagb-block-b443b15f alignfull uagb-is-root-container\"><div class=\"uagb-container-inner-blocks-wrap\">\n<div class=\"wp-block-uagb-container uagb-block-1b3eec09\"><\/div>\n\n\n\n<div class=\"wp-block-uagb-container uagb-block-c5db3c2d\">\n<figure class=\"wp-block-embed is-type-video is-provider-youtube wp-block-embed-youtube wp-embed-aspect-16-9 wp-has-aspect-ratio\"><div class=\"wp-block-embed__wrapper\">\n<div class=\"ast-oembed-container \" style=\"height: 100%;\"><iframe loading=\"lazy\" title=\"Evolution of Boston Dynamic\u2019s Robots (1992-2023)\" width=\"500\" height=\"281\" src=\"https:\/\/www.youtube.com\/embed\/Rdm2ggtFvmQ?feature=oembed\" frameborder=\"0\" allow=\"accelerometer; autoplay; clipboard-write; encrypted-media; gyroscope; picture-in-picture; web-share\" referrerpolicy=\"strict-origin-when-cross-origin\" allowfullscreen><\/iframe><\/div>\n<\/div><\/figure>\n<\/div>\n\n\n\n<div class=\"wp-block-uagb-container uagb-block-99fedbb4\"><\/div>\n<\/div><\/div>\n","protected":false},"excerpt":{"rendered":"<p>Tema 2: Teor\u00edas del comercio Revisaremos diferentes teor\u00edas del comercio internacional. Comenzaremos con los Mercantilistas, siguiendo con los Cl\u00e1sicos (Adam [&hellip;]<\/p>\n","protected":false},"author":1,"featured_media":0,"parent":29,"menu_order":2,"comment_status":"closed","ping_status":"closed","template":"","meta":{"_uag_custom_page_level_css":"","site-sidebar-layout":"default","site-content-layout":"","ast-site-content-layout":"default","site-content-style":"default","site-sidebar-style":"default","ast-global-header-display":"","ast-banner-title-visibility":"","ast-main-header-display":"","ast-hfb-above-header-display":"","ast-hfb-below-header-display":"","ast-hfb-mobile-header-display":"","site-post-title":"disabled","ast-breadcrumbs-content":"","ast-featured-img":"","footer-sml-layout":"","theme-transparent-header-meta":"","adv-header-id-meta":"","stick-header-meta":"","header-above-stick-meta":"","header-main-stick-meta":"","header-below-stick-meta":"","astra-migrate-meta-layouts":"default","ast-page-background-enabled":"default","ast-page-background-meta":{"desktop":{"background-color":"var(--ast-global-color-4)","background-image":"","background-repeat":"repeat","background-position":"center center","background-size":"auto","background-attachment":"scroll","background-type":"","background-media":"","overlay-type":"","overlay-color":"","overlay-opacity":"","overlay-gradient":""},"tablet":{"background-color":"","background-image":"","background-repeat":"repeat","background-position":"center center","background-size":"auto","background-attachment":"scroll","background-type":"","background-media":"","overlay-type":"","overlay-color":"","overlay-opacity":"","overlay-gradient":""},"mobile":{"background-color":"","background-image":"","background-repeat":"repeat","background-position":"center center","background-size":"auto","background-attachment":"scroll","background-type":"","background-media":"","overlay-type":"","overlay-color":"","overlay-opacity":"","overlay-gradient":""}},"ast-content-background-meta":{"desktop":{"background-color":"var(--ast-global-color-5)","background-image":"","background-repeat":"repeat","background-position":"center center","background-size":"auto","background-attachment":"scroll","background-type":"","background-media":"","overlay-type":"","overlay-color":"","overlay-opacity":"","overlay-gradient":""},"tablet":{"background-color":"var(--ast-global-color-5)","background-image":"","background-repeat":"repeat","background-position":"center center","background-size":"auto","background-attachment":"scroll","background-type":"","background-media":"","overlay-type":"","overlay-color":"","overlay-opacity":"","overlay-gradient":""},"mobile":{"background-color":"var(--ast-global-color-5)","background-image":"","background-repeat":"repeat","background-position":"center center","background-size":"auto","background-attachment":"scroll","background-type":"","background-media":"","overlay-type":"","overlay-color":"","overlay-opacity":"","overlay-gradient":""}},"footnotes":""},"class_list":["post-244","page","type-page","status-publish","hentry"],"uagb_featured_image_src":{"full":false,"thumbnail":false,"medium":false,"medium_large":false,"large":false,"1536x1536":false,"2048x2048":false},"uagb_author_info":{"display_name":"gleva","author_link":"https:\/\/ici.unq.edu.ar\/?author=1"},"uagb_comment_info":0,"uagb_excerpt":"Tema 2: Teor\u00edas del comercio Revisaremos diferentes teor\u00edas del comercio internacional. Comenzaremos con los Mercantilistas, siguiendo con los Cl\u00e1sicos (Adam [&hellip;]","_links":{"self":[{"href":"https:\/\/ici.unq.edu.ar\/index.php?rest_route=\/wp\/v2\/pages\/244","targetHints":{"allow":["GET"]}}],"collection":[{"href":"https:\/\/ici.unq.edu.ar\/index.php?rest_route=\/wp\/v2\/pages"}],"about":[{"href":"https:\/\/ici.unq.edu.ar\/index.php?rest_route=\/wp\/v2\/types\/page"}],"author":[{"embeddable":true,"href":"https:\/\/ici.unq.edu.ar\/index.php?rest_route=\/wp\/v2\/users\/1"}],"replies":[{"embeddable":true,"href":"https:\/\/ici.unq.edu.ar\/index.php?rest_route=%2Fwp%2Fv2%2Fcomments&post=244"}],"version-history":[{"count":28,"href":"https:\/\/ici.unq.edu.ar\/index.php?rest_route=\/wp\/v2\/pages\/244\/revisions"}],"predecessor-version":[{"id":827,"href":"https:\/\/ici.unq.edu.ar\/index.php?rest_route=\/wp\/v2\/pages\/244\/revisions\/827"}],"up":[{"embeddable":true,"href":"https:\/\/ici.unq.edu.ar\/index.php?rest_route=\/wp\/v2\/pages\/29"}],"wp:attachment":[{"href":"https:\/\/ici.unq.edu.ar\/index.php?rest_route=%2Fwp%2Fv2%2Fmedia&parent=244"}],"curies":[{"name":"wp","href":"https:\/\/api.w.org\/{rel}","templated":true}]}}